{"id":1077,"date":"2026-03-05T09:28:58","date_gmt":"2026-03-05T08:28:58","guid":{"rendered":"https:\/\/foogwear.com\/?post_type=product&#038;p=1077"},"modified":"2026-03-05T09:35:18","modified_gmt":"2026-03-05T08:35:18","slug":"kamizelka-light","status":"publish","type":"product","link":"https:\/\/foogwear.com\/index.php\/produkt\/kamizelka-light\/","title":{"rendered":"Kamizelka light"},"content":{"rendered":"<div class=\"gmail_default\"><span style=\"color: #000000;\">Techniczny bezr\u0119kawnik, przeznaczona do ka\u017cdego rodzaju jazdy oraz innych aktywno\u015bci fizycznych. Mo\u017ce byc u\u017cywany jako dodatkowa warstwa na jersey w ch\u0142odniejsze dni<\/span><\/div>\n<div class=\"gmail_default\"><span style=\"color: #000000;\"><br \/>\nMateria\u0142:<br \/>\nDzianina 94% poliester i 6% elastan, waga 115g, bardzo elastyczna i oddychaj\u0105ca.<\/span><\/div>\n<div><\/div>\n<div class=\"gmail_default\"><span style=\"color: #000000;\">Je\u017celi szukasz innej dzianiny lub chcia\u0142by\u015b pozna\u0107 inne opcje, daj nam zna\u0107, mamy dost\u0119p do ponad\u00a030 r\u00f3\u017cnych dzianin.<\/span><\/div>\n<div><\/div>\n<div class=\"gmail_default\"><span style=\"color: #000000;\"><span class=\"im\">Ceny:<\/span><\/span><\/div>\n<div class=\"gmail_default\"><span style=\"color: #000000;\"><span class=\"im\">5-9szt &#8211; 120z\u0142<br \/>\n10-14szt &#8211; 110z\u0142<br \/>\n<\/span><\/span><span style=\"color: #000000;\">15-20szt\u00a0 &#8211; 90z\u0142<\/span><\/div>\n<div class=\"gmail_default\">\n<p><strong>Przy ilo\u015bciach powy\u017cej 20szt indywidualna wycena, prosimy o przeslanie zapytania na adres email foowear@gmail.com<\/strong><\/p>\n<p><strong>Je\u017celi chcesz aby kamizelka by\u0142a opinaj\u0105ca, wybierz rozmiar mniejszy ni\u017c wychodzi z tabelki<\/strong><\/p>\n<table style=\"width: 369px;\">\n<tbody>\n<tr>\n<td style=\"width: 82.3889px;\"><strong>Rozmiar<\/strong><\/td>\n<td style=\"width: 158.611px;\"><strong>obw. kosz. w klatce<\/strong><\/td>\n<td style=\"width: 107px;\"><strong>d\u0142. ty\u0142u<\/strong><\/td>\n<\/tr>\n<tr>\n<td style=\"width: 82.3889px;\"><strong>S<\/strong><\/td>\n<td style=\"width: 158.611px;\">\n<p style=\"text-align: center;\"><span style=\"font-weight: 400;\">98cm<\/span><\/p>\n<\/td>\n<td style=\"width: 107px;\">\n<p style=\"text-align: center;\"><span style=\"font-weight: 400;\">70cm<\/span><\/p>\n<\/td>\n<\/tr>\n<tr>\n<td style=\"width: 82.3889px;\"><strong>M<\/strong><\/td>\n<td style=\"width: 158.611px;\">\n<p style=\"text-align: center;\"><span style=\"font-weight: 400;\">102cm<\/span><\/p>\n<\/td>\n<td style=\"width: 107px;\">\n<p style=\"text-align: center;\"><span style=\"font-weight: 400;\">73cm<\/span><\/p>\n<\/td>\n<\/tr>\n<tr>\n<td style=\"width: 82.3889px;\"><strong>L<\/strong><\/td>\n<td style=\"width: 158.611px;\">\n<p style=\"text-align: center;\"><span style=\"font-weight: 400;\">106cm<\/span><\/p>\n<\/td>\n<td style=\"width: 107px;\">\n<p style=\"text-align: center;\"><span style=\"font-weight: 400;\">75cm<\/span><\/p>\n<\/td>\n<\/tr>\n<tr>\n<td style=\"width: 82.3889px;\"><strong>XL<\/strong><\/td>\n<td style=\"width: 158.611px;\">\n<p style=\"text-align: center;\"><span style=\"font-weight: 400;\">112cm<\/span><\/p>\n<\/td>\n<td style=\"width: 107px;\">\n<p style=\"text-align: center;\"><span style=\"font-weight: 400;\">76cm<\/span><\/p>\n<\/td>\n<\/tr>\n<tr>\n<td style=\"width: 82.3889px;\"><strong>XXL<\/strong><\/td>\n<td style=\"width: 158.611px;\">\n<p style=\"text-align: center;\"><span style=\"font-weight: 400;\">120cm<\/span><\/p>\n<\/td>\n<td style=\"width: 107px;\">\n<p style=\"text-align: center;\"><span style=\"font-weight: 400;\">77cm<\/span><\/p>\n<\/td>\n<\/tr>\n<\/tbody>\n<\/table>\n<\/div>\n","protected":false},"excerpt":{"rendered":"<p>Techniczny bezr\u0119kawnik, przeznaczona do ka\u017cdego rodzaju jazdy oraz innych aktywno\u015bci fizycznych. Mo\u017ce byc u\u017cywany jako dodatkowa warstwa na jersey w ch\u0142odniejsze dni Materia\u0142: Dzianina 94% poliester i 6% elastan, waga 115g, bardzo elastyczna i oddychaj\u0105ca. Je\u017celi szukasz innej dzianiny lub chcia\u0142by\u015b pozna\u0107 inne opcje, daj nam zna\u0107, mamy dost\u0119p do ponad\u00a030 r\u00f3\u017cnych dzianin. Ceny: 5-9szt [&hellip;]<\/p>\n","protected":false},"featured_media":1078,"template":"","meta":[],"product_brand":[],"product_cat":[15],"product_tag":[],"class_list":{"0":"post-1077","1":"product","2":"type-product","3":"status-publish","4":"has-post-thumbnail","6":"product_cat-bez-kategorii","8":"first","9":"instock","10":"shipping-taxable","11":"purchasable","12":"product-type-simple"},"_links":{"self":[{"href":"https:\/\/foogwear.com\/index.php\/wp-json\/wp\/v2\/product\/1077","targetHints":{"allow":["GET"]}}],"collection":[{"href":"https:\/\/foogwear.com\/index.php\/wp-json\/wp\/v2\/product"}],"about":[{"href":"https:\/\/foogwear.com\/index.php\/wp-json\/wp\/v2\/types\/product"}],"wp:featuredmedia":[{"embeddable":true,"href":"https:\/\/foogwear.com\/index.php\/wp-json\/wp\/v2\/media\/1078"}],"wp:attachment":[{"href":"https:\/\/foogwear.com\/index.php\/wp-json\/wp\/v2\/media?parent=1077"}],"wp:term":[{"taxonomy":"product_brand","embeddable":true,"href":"https:\/\/foogwear.com\/index.php\/wp-json\/wp\/v2\/product_brand?post=1077"},{"taxonomy":"product_cat","embeddable":true,"href":"https:\/\/foogwear.com\/index.php\/wp-json\/wp\/v2\/product_cat?post=1077"},{"taxonomy":"product_tag","embeddable":true,"href":"https:\/\/foogwear.com\/index.php\/wp-json\/wp\/v2\/product_tag?post=1077"}],"curies":[{"name":"wp","href":"https:\/\/api.w.org\/{rel}","templated":true}]}}