{"id":146,"date":"2025-02-21T12:55:48","date_gmt":"2025-02-21T11:55:48","guid":{"rendered":"http:\/\/klimek.59.pl\/?post_type=product&#038;p=146"},"modified":"2026-04-11T00:04:40","modified_gmt":"2026-04-10T23:04:40","slug":"jersey-tat-bike-woman","status":"publish","type":"product","link":"https:\/\/foogwear.com\/index.php\/produkt\/jersey-tat-bike-woman\/","title":{"rendered":"Jersey TAT BIKE woman"},"content":{"rendered":"<p>TAT BIKE &#8211;\u00a0to kolekcja kt\u00f3ra\u00a0okaza\u0142a si\u0119 Waszym wyborem TOP 1 w sezonie 2022, teraz id\u0105c w \u015blady Waszych gust\u00f3w dodajemy kolejny zwariowany model koszulki!<\/p>\n<p>Jersey\u00a0TAT BIKE to uniwersalna koszulka rowerowa\u00a0kt\u00f3ra \u015bwietnie sprawdzi si\u0119 w enduro, dh czy podczas niedzielnej przeja\u017cd\u017cki po lesie.<br \/>\nDzi\u0119ki zastosowaniu lekkiej dzianiny o wyj\u0105tkowo trwa\u0142ych w\u0142\u00f3knach, produkt jest jednocze\u015bnie przewiewny i wytrzyma\u0142y.<\/p>\n<p>Nowoczesna sublimowana dzianina na przodzie i tyle koszulki jest wyprodukowana w 100% w Polsce. Ni\u017csza gramatura materia\u0142u oraz mi\u0119kkie wyko\u0144czenie MAXCOMFORT s\u0105 gwarancj\u0105 najwy\u017cszej wygody u\u017cytkowania.<\/p>\n<p>Charakterystyka:<\/p>\n<ul>\n<li>lekka, oddychaj\u0105ca i elastyczna dzianina\u00a0tylko i wy\u0142\u0105cznie polskiej produkcji!<\/li>\n<\/ul>\n<ul>\n<li>ni\u017csza gramatura i wyko\u0144czenie MAXCOMFORT<\/li>\n<\/ul>\n<ul>\n<li>regularny kr\u00f3j<\/li>\n<\/ul>\n<ul>\n<li>d\u0142ugi r\u0119kaw<\/li>\n<\/ul>\n<ul>\n<li>elastyczne wyko\u0144czenie mankiet\u00f3w<\/li>\n<\/ul>\n<ul>\n<li><strong>Nowe opakowanie BIO &#8211; otwieraj worek z koszulk\u0105 delikatnie i je\u017celi\u00a0b\u0119dziesz musia\u0142 odes\u0142a\u0107 jersey na wymian\u0119, pasek z klejem umo\u017cliwi ponowne zapakowanie koszulki. Je\u017celi natomiast jersey zostaje u Ciebie, mo\u017cesz \u015bmia\u0142o u\u017cy\u0107 worka do odpad\u00f3w BIO w swojej kuchni!<\/strong><\/li>\n<\/ul>\n<ul>\n<li>MADE IN POLAND<\/li>\n<\/ul>\n<p>Tabela rozmiarowa:<\/p>\n<table>\n<tbody>\n<tr>\n<td><strong>Rozmiar<\/strong><\/td>\n<td><strong>obw. kosz. w klatce<\/strong><\/td>\n<td><strong>d\u0142ugo\u015b\u0107 ty\u0142u<\/strong><\/td>\n<td><strong>d\u0142ugo\u015b\u0107 r\u0119kawa<\/strong><\/td>\n<\/tr>\n<tr>\n<td><strong>XS<\/strong><\/td>\n<td>88cm<\/td>\n<td>61cm<\/td>\n<td>71cm<\/td>\n<\/tr>\n<tr>\n<td><strong>S<\/strong><\/td>\n<td>94cm<\/td>\n<td>65cm<\/td>\n<td>74cm<\/td>\n<\/tr>\n<tr>\n<td><strong>M<\/strong><\/td>\n<td>98cm<\/td>\n<td>68cm<\/td>\n<td>76cm<\/td>\n<\/tr>\n<tr>\n<td><strong>L<\/strong><\/td>\n<td>102cm<\/td>\n<td>78cm<\/td>\n<td>78cm<\/td>\n<\/tr>\n<tr>\n<td><strong>XL<\/strong><\/td>\n<td>106cm<\/td>\n<td>71cm<\/td>\n<td>82cm<\/td>\n<\/tr>\n<\/tbody>\n<\/table>\n","protected":false},"excerpt":{"rendered":"<p>Jersey\u00a0TAT BIKE to uniwersalna koszulka rowerowa\u00a0kt\u00f3ra \u015bwietnie sprawdzi si\u0119 w enduro, dh czy podczas niedzielnej przeja\u017cd\u017cki po lesie.<br \/>\nDzi\u0119ki zastosowaniu lekkiej dzianiny o wyj\u0105tkowo trwa\u0142ych w\u0142\u00f3knach, produkt jest jednocze\u015bnie przewiewny i wytrzyma\u0142y.<\/p>\n","protected":false},"featured_media":600,"template":"","meta":[],"product_brand":[34],"product_cat":[23,29],"product_tag":[],"class_list":{"0":"post-146","1":"product","2":"type-product","3":"status-publish","4":"has-post-thumbnail","6":"product_brand-foogwear","7":"product_cat-kobieta","8":"product_cat-jersey-damski","9":"product_shipping_class-foogwear","10":"pa_marka-foogwear","11":"pa_plec-damskie","12":"pa_produkt-jerseye","14":"first","15":"instock","16":"shipping-taxable","17":"purchasable","18":"product-type-variable","19":"has-default-attributes"},"_links":{"self":[{"href":"https:\/\/foogwear.com\/index.php\/wp-json\/wp\/v2\/product\/146","targetHints":{"allow":["GET"]}}],"collection":[{"href":"https:\/\/foogwear.com\/index.php\/wp-json\/wp\/v2\/product"}],"about":[{"href":"https:\/\/foogwear.com\/index.php\/wp-json\/wp\/v2\/types\/product"}],"wp:featuredmedia":[{"embeddable":true,"href":"https:\/\/foogwear.com\/index.php\/wp-json\/wp\/v2\/media\/600"}],"wp:attachment":[{"href":"https:\/\/foogwear.com\/index.php\/wp-json\/wp\/v2\/media?parent=146"}],"wp:term":[{"taxonomy":"product_brand","embeddable":true,"href":"https:\/\/foogwear.com\/index.php\/wp-json\/wp\/v2\/product_brand?post=146"},{"taxonomy":"product_cat","embeddable":true,"href":"https:\/\/foogwear.com\/index.php\/wp-json\/wp\/v2\/product_cat?post=146"},{"taxonomy":"product_tag","embeddable":true,"href":"https:\/\/foogwear.com\/index.php\/wp-json\/wp\/v2\/product_tag?post=146"}],"curies":[{"name":"wp","href":"https:\/\/api.w.org\/{rel}","templated":true}]}}