{"id":194,"date":"2025-02-21T20:29:09","date_gmt":"2025-02-21T19:29:09","guid":{"rendered":"http:\/\/klimek.59.pl\/?post_type=product&#038;p=194"},"modified":"2025-12-08T23:01:34","modified_gmt":"2025-12-08T22:01:34","slug":"skarpetki-ramble-green","status":"publish","type":"product","link":"https:\/\/foogwear.com\/index.php\/produkt\/skarpetki-ramble-green\/","title":{"rendered":"Skarpetki RAMBLE GREEN"},"content":{"rendered":"<p><span style=\"font-family: helvetica, arial, sans-serif; font-size: 12pt;\">Dobrze wiemy \u017ce Wy i My uwielbiamy skarpety FOOG RAMBLE, dlatego postanowili\u015bmy wprowadzi\u0107 szeroki wyb\u00f3r soczystych kolork\u00f3w kt\u00f3re b\u0119d\u0105 Wam idealnie pasowa\u0142y do nowych koszulek z tej samej serii!<\/span><\/p>\n<p><span style=\"font-family: helvetica, arial, sans-serif; font-size: 12pt;\">Po kilku ostatnich sezonach sprzeda\u017cy skarpetek RAMBLE w wersji 100% poliamidowej\/prolenowej oraz wersji z domieszk\u0105 bawe\u0142ny, po wielu konsultacjach z naszymi riderami i riderkami, doszli\u015bmy do wniosku \u017ce jednak najlepiej sprawdz\u0105 si\u0119 w\u0142a\u015bnie te z bawe\u0142n\u0105.<\/span><\/p>\n<p><span style=\"font-family: helvetica, arial, sans-serif; font-size: 12pt;\">Pytacie dlaczego? Poni\u017cej odpowied\u017a:<br \/>\nSkarpetki ze sztucznej prz\u0119dzy s\u0105 &#8222;\u015bliskie&#8221;, stopa wtedy ma dziwny luz w bucie kt\u00f3ry nam szczeg\u00f3lnie przeszkadza\u0142. Oczywi\u015bcie mo\u017cna powiedzie\u0107 \u017ce lepiej odprowadza wilgo\u0107 ze spoconej stopy, ale gdzie? Do buta do jego wn\u0119trza.. co powoduje \u017ce mamy stop\u0119 spocon\u0105,\u00a0mork\u0105 w dodatku z niebyt przyjemnym uczuciem \u015bliskiego sztucznego \u015bliskiego materia\u0142u.<\/span><\/p>\n<p><span style=\"font-family: helvetica, arial, sans-serif; font-size: 12pt;\">Skarpetki bawe\u0142niane s\u0105 mi\u0142e w dotyku, lepiej trzymaj\u0105 si\u0119 w bucie, wilgo\u0107 zatrzymaj\u0105 w sobie ale przy tym nie ma dyskomfortu przepoconej stopy.<\/span><\/p>\n<p><span style=\"font-family: helvetica, arial, sans-serif; font-size: 12pt;\">Zapytacie a co z wytrzyma\u0142o\u015bci\u0105, ano bardzo dobrze bo ka\u017cda skarpeta ma &#8222;szkielet&#8221; ze sztucznej mocniejszej prz\u0119dzy a dodatkowo podbicie, palce i pi\u0119t\u0119 wzmocnili\u015bmy drug\u0105 nitka prz\u0119dzy z poplipropylenu.<\/span><\/p>\n<p><span style=\"font-size: 12pt;\"><span style=\"font-family: helvetica, arial, sans-serif;\">Charakterystyka:<\/span>\u00a0<\/span><\/p>\n<ul>\n<li><span style=\"font-family: helvetica, arial, sans-serif; font-size: 12pt;\">cholewka\u00a0standardowej\u00a0d\u0142ugo\u015bci<br \/>\n<\/span><\/li>\n<li><span style=\"font-family: helvetica, arial, sans-serif; font-size: 12pt;\">skarpetki wykonane z prz\u0119dzy bawe\u0142nianej oraz prolenu<\/span><\/li>\n<li><span style=\"font-family: helvetica, arial, sans-serif; font-size: 12pt;\">dodatkowy \u015bci\u0105gacz wok\u00f3\u0142 stopy, utrzymuje skarpetk\u0119 na swoim miejscu<\/span><\/li>\n<li><span style=\"font-family: helvetica, arial, sans-serif; font-size: 12pt;\">oddychaj\u0105ce i mi\u0119kkie w dotyku<\/span><\/li>\n<\/ul>\n<div dir=\"auto\"><span style=\"font-family: helvetica, arial, sans-serif; font-size: 12pt;\">Prolen 6%\u00a0<\/span><\/div>\n<div dir=\"auto\"><span style=\"font-family: helvetica, arial, sans-serif; font-size: 12pt;\">Bawe\u0142na\u00a094%<\/span><\/div>\n<div dir=\"auto\"><\/div>\n","protected":false},"excerpt":{"rendered":"<p><span style=\"font-family: helvetica, arial, sans-serif; font-size: 12pt;\">Po kilku ostatnich sezonach sprzeda\u017cy skarpetek RAMBLE w wersji 100% poliamidowej\/prolenowej oraz wersji z domieszk\u0105 bawe\u0142ny, po wielu konsultacjach z naszymi riderami i riderkami, doszli\u015bmy do wniosku \u017ce jednak najlepiej sprawdz\u0105 si\u0119 w\u0142a\u015bnie te z bawe\u0142n\u0105.<\/span><\/p>\n","protected":false},"featured_media":195,"template":"","meta":[],"product_brand":[34],"product_cat":[21,23,22],"product_tag":[],"class_list":{"0":"post-194","1":"product","2":"type-product","3":"status-publish","4":"has-post-thumbnail","6":"product_brand-foogwear","7":"product_cat-skarpetki","8":"product_cat-kobieta","9":"product_cat-mezczyzna","10":"product_shipping_class-foogwear","11":"pa_marka-foogwear","12":"pa_produkt-skarpetki","14":"first","15":"instock","16":"shipping-taxable","17":"purchasable","18":"product-type-variable","19":"has-default-attributes"},"_links":{"self":[{"href":"https:\/\/foogwear.com\/index.php\/wp-json\/wp\/v2\/product\/194","targetHints":{"allow":["GET"]}}],"collection":[{"href":"https:\/\/foogwear.com\/index.php\/wp-json\/wp\/v2\/product"}],"about":[{"href":"https:\/\/foogwear.com\/index.php\/wp-json\/wp\/v2\/types\/product"}],"wp:featuredmedia":[{"embeddable":true,"href":"https:\/\/foogwear.com\/index.php\/wp-json\/wp\/v2\/media\/195"}],"wp:attachment":[{"href":"https:\/\/foogwear.com\/index.php\/wp-json\/wp\/v2\/media?parent=194"}],"wp:term":[{"taxonomy":"product_brand","embeddable":true,"href":"https:\/\/foogwear.com\/index.php\/wp-json\/wp\/v2\/product_brand?post=194"},{"taxonomy":"product_cat","embeddable":true,"href":"https:\/\/foogwear.com\/index.php\/wp-json\/wp\/v2\/product_cat?post=194"},{"taxonomy":"product_tag","embeddable":true,"href":"https:\/\/foogwear.com\/index.php\/wp-json\/wp\/v2\/product_tag?post=194"}],"curies":[{"name":"wp","href":"https:\/\/api.w.org\/{rel}","templated":true}]}}