{"id":249,"date":"2025-02-23T21:23:04","date_gmt":"2025-02-23T20:23:04","guid":{"rendered":"http:\/\/klimek.59.pl\/?post_type=product&#038;p=249"},"modified":"2025-12-08T23:01:34","modified_gmt":"2025-12-08T22:01:34","slug":"jersey-ramble-green","status":"publish","type":"product","link":"https:\/\/foogwear.com\/index.php\/produkt\/jersey-ramble-green\/","title":{"rendered":"Jersey RAMBLE GREEN"},"content":{"rendered":"<p><span style=\"font-family: helvetica, arial, sans-serif; font-size: 10pt;\">Prezentujemy Wam totalnie odmienion\u0105 seri\u0119 koszulek\u00a0<strong>RAMBLE!\u00a0<\/strong><\/span><\/p>\n<p><span style=\"font-family: helvetica, arial, sans-serif; font-size: 10pt;\">Na pewno od razu rzucaj\u0105 Wam si\u0119 w oczy te soczyste kolorki ale to nie wszystko!<br \/>\nWprowadzili\u015bmy totalnie nowy materia\u0142,\u00a0<strong>super lekki<\/strong>\u00a0i\u00a0<strong>elastyczny<\/strong>\u00a0a dzi\u0119ki ma\u0142y otworom jest\u00a0<strong>niesamowicie przewiewny<\/strong>. Gwarantujemy \u017ce nie poczujesz tej koszulki na sobie!<br \/>\n<\/span><span style=\"font-family: helvetica, arial, sans-serif; font-size: 10pt;\"><br \/>\nW ostatnim czasie w naszym kraju powstaje coraz wi\u0119cej miejsc\u00f3wek z trasami flow oraz wyci\u0105giem &#8211; co oznacza \u017ce potrzebujecie kieszonk\u0119 na karnet i to w takim miejscu kt\u00f3re pozwoli Wam na swobodne przechodzenie przez bramk\u0119.. i oto jest,\u00a0<strong>ma\u0142a ukryta kieszonka<\/strong>\u00a0z prawej strony jerseya!<\/span><\/p>\n<p><strong>RAMBLE to jak poprzednio seria dla ca\u0142ej rodziny. Sprawd\u017a koszulk\u0119 dla \u017cony lub dziewczyny oraz dla dzieciak\u00f3w.<\/strong><\/p>\n<p>&nbsp;<\/p>\n<p><span style=\"font-family: helvetica, arial, sans-serif; font-size: 10pt;\">Model nosi rozmiar M -&gt; 184cm 73kg<\/span><\/p>\n<p><span style=\"font-family: helvetica, arial, sans-serif; font-size: 10pt;\"><em><strong>Waga koszulki to tylko 175g! (rozmiar M)<\/strong><\/em><\/span><\/p>\n<ul>\n<li><span style=\"font-family: helvetica, arial, sans-serif; font-size: 10pt;\">koszulki wykonane z wyj\u0105tkowo elastycznej\u00a0dzianiny polskie produkcji<\/span><\/li>\n<\/ul>\n<ul>\n<li><span style=\"font-family: helvetica, arial, sans-serif; font-size: 10pt;\">lekki i przyjemny w dotyku materia\u0142<\/span><\/li>\n<\/ul>\n<ul>\n<li><span style=\"font-family: helvetica, arial, sans-serif; font-size: 10pt;\">Kiesze\u0144 z prawej strony idealna na karnet<\/span><\/li>\n<\/ul>\n<ul>\n<li><span style=\"font-size: 10pt; font-family: helvetica, arial, sans-serif;\">dzi\u0119ki drobnym otworom materia\u0142 jest niesamowicie przewiewny<\/span><\/li>\n<\/ul>\n<ul>\n<li><span style=\"font-family: helvetica, arial, sans-serif; font-size: 10pt;\">przed\u0142u\u017cony ty\u0142 zakrywa plecy podczas jazdy<\/span><\/li>\n<\/ul>\n<ul>\n<li><span style=\"font-family: helvetica, arial, sans-serif; font-size: 10pt;\">kr\u00f3j regularny, reglanowy<\/span><\/li>\n<\/ul>\n<ul>\n<li><span style=\"font-family: helvetica, arial, sans-serif; font-size: 10pt;\">wygodne r\u0119kawy, dzi\u0119ki du\u017cej elastyczno\u015bci materia\u0142u pomieszcz\u0105 lekkie ochraniacze \u0142okci<\/span><\/li>\n<\/ul>\n<ul>\n<li><span style=\"font-family: helvetica, arial, sans-serif; font-size: 10pt;\"><em><strong>EKOLOGICZNE opakowanie<\/strong><\/em><\/span><\/li>\n<\/ul>\n<ul>\n<li><span style=\"font-family: helvetica, arial, sans-serif; font-size: 10pt;\"><em><strong>MADE IN POLAND<\/strong><\/em><\/span><\/li>\n<\/ul>\n<p><span style=\"font-family: helvetica, arial, sans-serif; font-size: 10pt;\">\u00a0<\/span><\/p>\n<p><span style=\"font-family: helvetica, arial, sans-serif; font-size: 10pt;\">Tabela rozmiarowa:<\/span><\/p>\n<p>&nbsp;<\/p>\n<table style=\"width: 462px;\">\n<tbody>\n<tr style=\"height: 63px;\">\n<td style=\"width: 64px; height: 63px;\"><span style=\"font-family: helvetica, arial, sans-serif; font-size: 10pt;\"><strong>Rozmiar<\/strong><\/span><\/td>\n<td style=\"width: 190px; height: 63px;\">\n<p style=\"text-align: center;\"><span style=\"font-family: helvetica, arial, sans-serif; font-size: 10pt;\"><strong>obw. kosz. w klatce<\/strong><\/span><\/p>\n<\/td>\n<td style=\"width: 93.7222px; height: 63px;\">\n<p style=\"text-align: center;\"><span style=\"font-family: helvetica, arial, sans-serif; font-size: 10pt;\"><strong>d\u0142ugo\u015b\u0107 ty\u0142u<\/strong><\/span><\/p>\n<\/td>\n<td style=\"width: 87.2778px; height: 63px;\">\n<p style=\"text-align: center;\"><span style=\"font-family: helvetica, arial, sans-serif; font-size: 10pt;\"><strong>d\u0142ugo\u015b\u0107 r\u0119kawa<\/strong><\/span><\/p>\n<\/td>\n<\/tr>\n<tr style=\"height: 17.75px;\">\n<td style=\"width: 64px; height: 17.75px;\"><span style=\"font-family: helvetica, arial, sans-serif; font-size: 10pt;\"><strong>YL<\/strong><\/span><\/td>\n<td style=\"width: 190px; height: 17.75px;\">\n<p style=\"text-align: center;\"><span style=\"font-family: helvetica, arial, sans-serif; font-size: 10pt;\">95cm<\/span><\/p>\n<\/td>\n<td style=\"width: 93.7222px; height: 17.75px;\">\n<p style=\"text-align: center;\"><span style=\"font-family: helvetica, arial, sans-serif; font-size: 10pt;\">63cm<\/span><\/p>\n<\/td>\n<td style=\"width: 87.2778px; height: 17.75px;\">\n<p style=\"text-align: center;\"><span style=\"font-family: helvetica, arial, sans-serif; font-size: 10pt;\">60cm<\/span><\/p>\n<\/td>\n<\/tr>\n<tr style=\"height: 45px;\">\n<td style=\"width: 64px; height: 45px;\"><span style=\"font-family: helvetica, arial, sans-serif; font-size: 10pt;\"><strong>S<\/strong><\/span><\/td>\n<td style=\"width: 190px; height: 45px;\">\n<p style=\"text-align: center;\"><span style=\"font-weight: 400; font-family: helvetica, arial, sans-serif; font-size: 10pt;\">101cm<\/span><\/p>\n<\/td>\n<td style=\"width: 93.7222px; height: 45px;\">\n<p style=\"text-align: center;\"><span style=\"font-weight: 400; font-family: helvetica, arial, sans-serif; font-size: 10pt;\">69cm<\/span><\/p>\n<\/td>\n<td style=\"width: 87.2778px; height: 45px;\">\n<p style=\"text-align: center;\"><span style=\"font-weight: 400; font-family: helvetica, arial, sans-serif; font-size: 10pt;\">78,5cm<\/span><\/p>\n<\/td>\n<\/tr>\n<tr style=\"height: 45px;\">\n<td style=\"width: 64px; height: 45px;\"><span style=\"font-family: helvetica, arial, sans-serif; font-size: 10pt;\"><strong>M<\/strong><\/span><\/td>\n<td style=\"width: 190px; height: 45px;\">\n<p style=\"text-align: center;\"><span style=\"font-weight: 400; font-family: helvetica, arial, sans-serif; font-size: 10pt;\">106cm<\/span><\/p>\n<\/td>\n<td style=\"width: 93.7222px; height: 45px;\">\n<p style=\"text-align: center;\"><span style=\"font-weight: 400; font-family: helvetica, arial, sans-serif; font-size: 10pt;\">74cm<\/span><\/p>\n<\/td>\n<td style=\"width: 87.2778px; height: 45px;\">\n<p style=\"text-align: center;\"><span style=\"font-weight: 400; font-family: helvetica, arial, sans-serif; font-size: 10pt;\">81,5cm<\/span><\/p>\n<\/td>\n<\/tr>\n<tr style=\"height: 45px;\">\n<td style=\"width: 64px; height: 45px;\"><span style=\"font-family: helvetica, arial, sans-serif; font-size: 10pt;\"><strong>L<\/strong><\/span><\/td>\n<td style=\"width: 190px; height: 45px;\">\n<p style=\"text-align: center;\"><span style=\"font-weight: 400; font-family: helvetica, arial, sans-serif; font-size: 10pt;\">110cm<\/span><\/p>\n<\/td>\n<td style=\"width: 93.7222px; height: 45px;\">\n<p style=\"text-align: center;\"><span style=\"font-weight: 400; font-family: helvetica, arial, sans-serif; font-size: 10pt;\">76cm<\/span><\/p>\n<\/td>\n<td style=\"width: 87.2778px; height: 45px;\">\n<p style=\"text-align: center;\"><span style=\"font-weight: 400; font-family: helvetica, arial, sans-serif; font-size: 10pt;\">84cm<\/span><\/p>\n<\/td>\n<\/tr>\n<tr style=\"height: 45px;\">\n<td style=\"width: 64px; height: 45px;\"><span style=\"font-family: helvetica, arial, sans-serif; font-size: 10pt;\"><strong>XL<\/strong><\/span><\/td>\n<td style=\"width: 190px; height: 45px;\">\n<p style=\"text-align: center;\"><span style=\"font-weight: 400; font-family: helvetica, arial, sans-serif; font-size: 10pt;\">114cm<\/span><\/p>\n<\/td>\n<td style=\"width: 93.7222px; height: 45px;\">\n<p style=\"text-align: center;\"><span style=\"font-weight: 400; font-family: helvetica, arial, sans-serif; font-size: 10pt;\">78cm<\/span><\/p>\n<\/td>\n<td style=\"width: 87.2778px; height: 45px;\">\n<p style=\"text-align: center;\"><span style=\"font-weight: 400; font-family: helvetica, arial, sans-serif; font-size: 10pt;\">86cm<\/span><\/p>\n<\/td>\n<\/tr>\n<tr style=\"height: 45px;\">\n<td style=\"width: 64px; height: 45px;\"><span style=\"font-family: helvetica, arial, sans-serif; font-size: 10pt;\"><strong>XXL<\/strong><\/span><\/td>\n<td style=\"width: 190px; height: 45px;\">\n<p style=\"text-align: center;\"><span style=\"font-weight: 400; font-family: helvetica, arial, sans-serif; font-size: 10pt;\">120cm<\/span><\/p>\n<\/td>\n<td style=\"width: 93.7222px; height: 45px;\">\n<p style=\"text-align: center;\"><span style=\"font-weight: 400; font-family: helvetica, arial, sans-serif; font-size: 10pt;\">80cm<\/span><\/p>\n<\/td>\n<td style=\"width: 87.2778px; height: 45px;\">\n<p style=\"text-align: center;\"><span style=\"font-weight: 400; font-family: helvetica, arial, sans-serif; font-size: 10pt;\">88cm<\/span><\/p>\n<\/td>\n<\/tr>\n<\/tbody>\n<\/table>\n","protected":false},"excerpt":{"rendered":"<p><span style=\"font-family: helvetica, arial, sans-serif; font-size: 10pt;\">Prezentujemy Wam totalnie odmienion\u0105 seri\u0119 koszulek\u00a0<strong>RAMBLE!\u00a0<\/strong><\/span><\/p>\n<p><span style=\"font-family: helvetica, arial, sans-serif; font-size: 10pt;\">Na pewno od razu rzucaj\u0105 Wam si\u0119 w oczy te soczyste kolorki ale to nie wszystko!<br \/>\nWprowadzili\u015bmy totalnie nowy materia\u0142,\u00a0<strong>super lekki<\/strong>\u00a0i\u00a0<strong>elastyczny<\/strong>\u00a0a dzi\u0119ki ma\u0142y otworom jest\u00a0<strong>niesamowicie przewiewny<\/strong>. Gwarantujemy \u017ce nie poczujesz tej koszulki na sobie!<br \/>\n<\/span><\/p>\n","protected":false},"featured_media":532,"template":"","meta":[],"product_brand":[34],"product_cat":[22,25],"product_tag":[],"class_list":{"0":"post-249","1":"product","2":"type-product","3":"status-publish","4":"has-post-thumbnail","6":"product_brand-foogwear","7":"product_cat-mezczyzna","8":"product_cat-jersey-meski","9":"product_shipping_class-foogwear","10":"pa_marka-foogwear","11":"pa_produkt-jerseye","13":"first","14":"instock","15":"shipping-taxable","16":"purchasable","17":"product-type-variable","18":"has-default-attributes"},"_links":{"self":[{"href":"https:\/\/foogwear.com\/index.php\/wp-json\/wp\/v2\/product\/249","targetHints":{"allow":["GET"]}}],"collection":[{"href":"https:\/\/foogwear.com\/index.php\/wp-json\/wp\/v2\/product"}],"about":[{"href":"https:\/\/foogwear.com\/index.php\/wp-json\/wp\/v2\/types\/product"}],"wp:featuredmedia":[{"embeddable":true,"href":"https:\/\/foogwear.com\/index.php\/wp-json\/wp\/v2\/media\/532"}],"wp:attachment":[{"href":"https:\/\/foogwear.com\/index.php\/wp-json\/wp\/v2\/media?parent=249"}],"wp:term":[{"taxonomy":"product_brand","embeddable":true,"href":"https:\/\/foogwear.com\/index.php\/wp-json\/wp\/v2\/product_brand?post=249"},{"taxonomy":"product_cat","embeddable":true,"href":"https:\/\/foogwear.com\/index.php\/wp-json\/wp\/v2\/product_cat?post=249"},{"taxonomy":"product_tag","embeddable":true,"href":"https:\/\/foogwear.com\/index.php\/wp-json\/wp\/v2\/product_tag?post=249"}],"curies":[{"name":"wp","href":"https:\/\/api.w.org\/{rel}","templated":true}]}}