{"id":430,"date":"2025-03-14T22:31:57","date_gmt":"2025-03-14T21:31:57","guid":{"rendered":"https:\/\/klimek.59.pl\/?post_type=product&#038;p=430"},"modified":"2026-03-04T11:20:51","modified_gmt":"2026-03-04T10:20:51","slug":"jersey-krotki-rekaw","status":"publish","type":"product","link":"https:\/\/foogwear.com\/index.php\/produkt\/jersey-krotki-rekaw\/","title":{"rendered":"Jersey short"},"content":{"rendered":"<p>Jersey z kr\u00f3tki r\u0119kawem wykonujemy w dw\u00f3ch wariantach: Regular i Flex<\/p>\n<p>Materia\u0142 dla modelu Regular:<br \/>\n100% tkanina poliestrowa, gramatura 135g, kompromis pomi\u0119dzy wytrzyma\u0142o\u015bci\u0105 a oddychalno\u015bci\u0105 &#8211; materia\u0142 z kt\u00f3rego produkujemy od lat produkty sygnowane mark\u0105 FOOG wear.<\/p>\n<p>Materia\u0142 dla modelu Flex:<br \/>\ndzianina 94% poliester + 6% elastan, gramatura 115g, bardzo elastyczna, lekka i oddychaj\u0105ca<\/p>\n<p>Styl: regularny lub flex<\/p>\n<p>Ceny dla Regular:<br \/>\n5-9szt &#8211; 150z\u0142<br \/>\n10-14szt &#8211; 130z\u0142<br \/>\n15-20szt &#8211; 110z\u0142<\/p>\n<p>Ceny dla Flex:<br \/>\n5-9szt &#8211; 170z\u0142<br \/>\n10-14szt &#8211; 150z\u0142<br \/>\n15-20szt\u00a0 &#8211; 130z\u0142<\/p>\n<p><strong>Przy ilo\u015bciach powy\u017cej 20szt indywidualna wycena, prosimy o przeslanie zapytania na adres email foowear@gmail.com<\/strong><\/p>\n","protected":false},"excerpt":{"rendered":"<p>Jersey z kr\u00f3tki r\u0119kawem wykonujemy w dw\u00f3ch wariantach: Regular i Flex Materia\u0142 dla modelu Regular: 100% tkanina poliestrowa, gramatura 135g, kompromis pomi\u0119dzy wytrzyma\u0142o\u015bci\u0105 a oddychalno\u015bci\u0105 &#8211; materia\u0142 z kt\u00f3rego produkujemy od lat produkty sygnowane mark\u0105 FOOG wear. Materia\u0142 dla modelu Flex: dzianina 94% poliester + 6% elastan, gramatura 115g, bardzo elastyczna, lekka i oddychaj\u0105ca Styl: [&hellip;]<\/p>\n","protected":false},"featured_media":429,"template":"","meta":[],"product_brand":[],"product_cat":[15],"product_tag":[],"class_list":{"0":"post-430","1":"product","2":"type-product","3":"status-publish","4":"has-post-thumbnail","6":"product_cat-bez-kategorii","8":"first","9":"instock","10":"shipping-taxable","11":"purchasable","12":"product-type-simple"},"_links":{"self":[{"href":"https:\/\/foogwear.com\/index.php\/wp-json\/wp\/v2\/product\/430","targetHints":{"allow":["GET"]}}],"collection":[{"href":"https:\/\/foogwear.com\/index.php\/wp-json\/wp\/v2\/product"}],"about":[{"href":"https:\/\/foogwear.com\/index.php\/wp-json\/wp\/v2\/types\/product"}],"wp:featuredmedia":[{"embeddable":true,"href":"https:\/\/foogwear.com\/index.php\/wp-json\/wp\/v2\/media\/429"}],"wp:attachment":[{"href":"https:\/\/foogwear.com\/index.php\/wp-json\/wp\/v2\/media?parent=430"}],"wp:term":[{"taxonomy":"product_brand","embeddable":true,"href":"https:\/\/foogwear.com\/index.php\/wp-json\/wp\/v2\/product_brand?post=430"},{"taxonomy":"product_cat","embeddable":true,"href":"https:\/\/foogwear.com\/index.php\/wp-json\/wp\/v2\/product_cat?post=430"},{"taxonomy":"product_tag","embeddable":true,"href":"https:\/\/foogwear.com\/index.php\/wp-json\/wp\/v2\/product_tag?post=430"}],"curies":[{"name":"wp","href":"https:\/\/api.w.org\/{rel}","templated":true}]}}