{"id":594,"date":"2025-04-23T10:56:29","date_gmt":"2025-04-23T08:56:29","guid":{"rendered":"https:\/\/foogwear.com\/?post_type=product&#038;p=594"},"modified":"2025-12-08T23:01:34","modified_gmt":"2025-12-08T22:01:34","slug":"jersey-skull-woman-black","status":"publish","type":"product","link":"https:\/\/foogwear.com\/index.php\/produkt\/jersey-skull-woman-black\/","title":{"rendered":"Jersey SKULL woman black"},"content":{"rendered":"<p><span style=\"font-size: 12pt;\">Koniec lata i nadej\u015bcie jesieni to z regu\u0142y czas na zako\u0144czenie sezonu, ale nie tym razem i nie w FOOGu!<\/span><br \/>\n<span style=\"font-size: 12pt;\">Przygotowali\u015bmy dla Was nowa pe\u0142na kolekcj\u0119 SKULL, t-shirty, jerseye i bluzy!<\/span><\/p>\n<p><span style=\"font-size: 12pt;\">Jersey\u00a0SKULL\u00a0to uniwersalna koszulka rowerowa\u00a0kt\u00f3ra \u015bwietnie sprawdzi si\u0119 w enduro, dh czy podczas niedzielnej przeja\u017cd\u017cki po lesie.<br \/>\n<\/span><span style=\"font-size: 12pt;\"><br \/>\nDzi\u0119ki zastosowaniu dzianiny o grubszym splocie\u00a0otrzymali\u015bmy produkt wytrzyma\u0142y i idealny na ch\u0142odniejsze jesienne dni.<\/span><\/p>\n<p>Naszym jerseyom SKULL nie straszne gleby na dircie czy trasach enduro a przy tym zapewni\u0105 Wam nieco wi\u0119cej komfortu cieplnego ni\u017c standardowe koszulki z kolekcji letniej!<\/p>\n<p><span style=\"font-size: 12pt;\">Charakterystyka:\u00a0<\/span><\/p>\n<ul>\n<li><span style=\"font-size: 12pt;\">grubsza dzianina idealna na ch\u0142odniejsze dni<\/span><\/li>\n<\/ul>\n<ul>\n<li><span style=\"font-size: 12pt;\">regularny kr\u00f3j<\/span><\/li>\n<\/ul>\n<ul>\n<li><span style=\"font-size: 12pt;\">d\u0142ugi r\u0119kaw<\/span><\/li>\n<\/ul>\n<ul>\n<li><span style=\"font-size: 12pt;\">elastyczne wyko\u0144czenie mankiet\u00f3w<\/span><\/li>\n<\/ul>\n<ul>\n<li><span style=\"font-size: 12pt;\">EKOLOGICZNE opakowanie<\/span><\/li>\n<\/ul>\n<ul>\n<li><span style=\"font-size: 12pt;\">MADE IN POLAND<\/span><\/li>\n<\/ul>\n<p>Tabela rozmiarowa:<\/p>\n<table>\n<tbody>\n<tr>\n<td><strong>Rozmiar<\/strong><\/td>\n<td><strong>obw. kosz. w klatce<\/strong><\/td>\n<td><strong>d\u0142ugo\u015b\u0107 ty\u0142u<\/strong><\/td>\n<td><strong>d\u0142ugo\u015b\u0107 r\u0119kawa<\/strong><\/td>\n<\/tr>\n<tr>\n<td><strong>XS<\/strong><\/td>\n<td><span style=\"font-weight: 400;\">88cm<\/span><\/td>\n<td><span style=\"font-weight: 400;\">61cm<\/span><\/td>\n<td><span style=\"font-weight: 400;\">71cm<\/span><\/td>\n<\/tr>\n<tr>\n<td><strong>S<\/strong><\/td>\n<td><span style=\"font-weight: 400;\">94cm<\/span><\/td>\n<td><span style=\"font-weight: 400;\">65cm<\/span><\/td>\n<td><span style=\"font-weight: 400;\">74cm<\/span><\/td>\n<\/tr>\n<tr>\n<td><strong>M<\/strong><\/td>\n<td><span style=\"font-weight: 400;\">98cm<\/span><\/td>\n<td><span style=\"font-weight: 400;\">68cm<\/span><\/td>\n<td><span style=\"font-weight: 400;\">76cm<\/span><\/td>\n<\/tr>\n<tr>\n<td><strong>L<\/strong><\/td>\n<td><span style=\"font-weight: 400;\">102cm<\/span><\/td>\n<td><span style=\"font-weight: 400;\">78cm<\/span><\/td>\n<td><span style=\"font-weight: 400;\">78cm<\/span><\/td>\n<\/tr>\n<tr>\n<td><strong>XL<\/strong><\/td>\n<td><span style=\"font-weight: 400;\">106cm<\/span><\/td>\n<td><span style=\"font-weight: 400;\">71cm<\/span><\/td>\n<td><span style=\"font-weight: 400;\">82cm<\/span><\/td>\n<\/tr>\n<\/tbody>\n<\/table>\n","protected":false},"excerpt":{"rendered":"<p>Koniec lata i nadej\u015bcie jesieni to z regu\u0142y czas na zako\u0144czenie sezonu, ale nie tym razem i nie w FOOGu!<br \/>\nPrzygotowali\u015bmy dla Was nowa pe\u0142na kolekcj\u0119 SKULL, t-shirty, jerseye i bluzy!<\/p>\n<p>Jersey\u00a0SKULL\u00a0to uniwersalna koszulka rowerowa\u00a0kt\u00f3ra \u015bwietnie sprawdzi si\u0119 w enduro, dh czy podczas niedzielnej przeja\u017cd\u017cki po lesie.<\/p>\n","protected":false},"featured_media":577,"template":"","meta":[],"product_brand":[34],"product_cat":[29],"product_tag":[45],"class_list":{"0":"post-594","1":"product","2":"type-product","3":"status-publish","4":"has-post-thumbnail","6":"product_brand-foogwear","7":"product_cat-jersey-damski","8":"product_tag-jersey","9":"product_shipping_class-foogwear","10":"pa_marka-foogwear","11":"pa_produkt-jerseye","13":"first","14":"instock","15":"shipping-taxable","16":"purchasable","17":"product-type-variable","18":"has-default-attributes"},"_links":{"self":[{"href":"https:\/\/foogwear.com\/index.php\/wp-json\/wp\/v2\/product\/594","targetHints":{"allow":["GET"]}}],"collection":[{"href":"https:\/\/foogwear.com\/index.php\/wp-json\/wp\/v2\/product"}],"about":[{"href":"https:\/\/foogwear.com\/index.php\/wp-json\/wp\/v2\/types\/product"}],"wp:featuredmedia":[{"embeddable":true,"href":"https:\/\/foogwear.com\/index.php\/wp-json\/wp\/v2\/media\/577"}],"wp:attachment":[{"href":"https:\/\/foogwear.com\/index.php\/wp-json\/wp\/v2\/media?parent=594"}],"wp:term":[{"taxonomy":"product_brand","embeddable":true,"href":"https:\/\/foogwear.com\/index.php\/wp-json\/wp\/v2\/product_brand?post=594"},{"taxonomy":"product_cat","embeddable":true,"href":"https:\/\/foogwear.com\/index.php\/wp-json\/wp\/v2\/product_cat?post=594"},{"taxonomy":"product_tag","embeddable":true,"href":"https:\/\/foogwear.com\/index.php\/wp-json\/wp\/v2\/product_tag?post=594"}],"curies":[{"name":"wp","href":"https:\/\/api.w.org\/{rel}","templated":true}]}}