{"id":610,"date":"2025-04-25T20:31:28","date_gmt":"2025-04-25T18:31:28","guid":{"rendered":"https:\/\/foogwear.com\/?post_type=product&#038;p=610"},"modified":"2025-11-26T20:35:00","modified_gmt":"2025-11-26T19:35:00","slug":"t-shirt-skull-white","status":"publish","type":"product","link":"https:\/\/foogwear.com\/index.php\/produkt\/t-shirt-skull-white\/","title":{"rendered":"T-shirt SKULL white"},"content":{"rendered":"<p>Koniec lata i nadej\u015bcie jesieni to z regu\u0142y czas na zako\u0144czenie sezonu, ale nie tym razem i nie w FOOGu!<br \/>\nPrzygotowali\u015bmy dla Was nowa pe\u0142na kolekcj\u0119 SKULL, t-shirty, jerseye i bluzy!<\/p>\n<p>Kolekcje SKULL dope\u0142niaj\u0105 stylowe t-shirty z lekko wyd\u0142u\u017conym krojem, wykonane z dzianiny premium, oczywi\u015bcie polskiej produkcji! \u015awietnie sprawdz\u0105 si\u0119 w codziennym u\u017cytkowaniu ale tak\u017ce podczas jesiennych jam\u00f3w na dircie z kolegami.<\/p>\n<p>&nbsp;<\/p>\n<ul>\n<li>koszulki wykonane z dzianiny bawe\u0142nianej premium z dodatkiem elastanu, gramatura 220g<\/li>\n<li>lu\u017any kr\u00f3j<\/li>\n<\/ul>\n<p>&nbsp;<\/p>\n<table style=\"width: 335.234px;\">\n<tbody>\n<tr>\n<td style=\"width: 64px;\"><strong>Rozmiar<\/strong><\/td>\n<td style=\"width: 154px;\"><strong>obw. kosz. w klatce<\/strong><\/td>\n<td style=\"width: 93.2344px;\"><strong>d\u0142.\u00a0przodu<\/strong><\/td>\n<\/tr>\n<tr>\n<td style=\"width: 64px;\"><strong>S<\/strong><\/td>\n<td style=\"width: 154px;\">104cm<\/td>\n<td style=\"width: 93.2344px;\">72cm<\/td>\n<\/tr>\n<tr>\n<td style=\"width: 64px;\"><strong>M<\/strong><\/td>\n<td style=\"width: 154px;\">108cm<\/td>\n<td style=\"width: 93.2344px;\">74cm<\/td>\n<\/tr>\n<tr>\n<td style=\"width: 64px;\"><strong>L<\/strong><\/td>\n<td style=\"width: 154px;\">112cm<\/td>\n<td style=\"width: 93.2344px;\">76cm<\/td>\n<\/tr>\n<tr>\n<td style=\"width: 64px;\"><strong>XL<\/strong><\/td>\n<td style=\"width: 154px;\">116cm<\/td>\n<td style=\"width: 93.2344px;\">78cm<\/td>\n<\/tr>\n<tr>\n<td style=\"width: 64px;\"><strong>XXL<\/strong><\/td>\n<td style=\"width: 154px;\">122cm<\/td>\n<td style=\"width: 93.2344px;\">80cm<\/td>\n<\/tr>\n<\/tbody>\n<\/table>\n","protected":false},"excerpt":{"rendered":"<p>Koniec lata i nadej\u015bcie jesieni to z regu\u0142y czas na zako\u0144czenie sezonu, ale nie tym razem i nie w FOOGu! Przygotowali\u015bmy dla Was nowa pe\u0142na kolekcj\u0119 SKULL, t-shirty, jerseye i bluzy! Kolekcje SKULL dope\u0142niaj\u0105 stylowe t-shirty z lekko wyd\u0142u\u017conym krojem, wykonane z dzianiny premium, oczywi\u015bcie polskiej produkcji! \u015awietnie sprawdz\u0105 si\u0119 w codziennym u\u017cytkowaniu ale tak\u017ce [&hellip;]<\/p>\n","protected":false},"featured_media":623,"template":"","meta":[],"product_brand":[34],"product_cat":[22,26],"product_tag":[],"class_list":{"0":"post-610","1":"product","2":"type-product","3":"status-publish","4":"has-post-thumbnail","6":"product_brand-foogwear","7":"product_cat-mezczyzna","8":"product_cat-t-shirt-meski","9":"product_shipping_class-foogwear","10":"pa_marka-foogwear","11":"pa_produkt-jerseye","13":"first","14":"instock","15":"sale","16":"shipping-taxable","17":"purchasable","18":"product-type-variable"},"_links":{"self":[{"href":"https:\/\/foogwear.com\/index.php\/wp-json\/wp\/v2\/product\/610","targetHints":{"allow":["GET"]}}],"collection":[{"href":"https:\/\/foogwear.com\/index.php\/wp-json\/wp\/v2\/product"}],"about":[{"href":"https:\/\/foogwear.com\/index.php\/wp-json\/wp\/v2\/types\/product"}],"wp:featuredmedia":[{"embeddable":true,"href":"https:\/\/foogwear.com\/index.php\/wp-json\/wp\/v2\/media\/623"}],"wp:attachment":[{"href":"https:\/\/foogwear.com\/index.php\/wp-json\/wp\/v2\/media?parent=610"}],"wp:term":[{"taxonomy":"product_brand","embeddable":true,"href":"https:\/\/foogwear.com\/index.php\/wp-json\/wp\/v2\/product_brand?post=610"},{"taxonomy":"product_cat","embeddable":true,"href":"https:\/\/foogwear.com\/index.php\/wp-json\/wp\/v2\/product_cat?post=610"},{"taxonomy":"product_tag","embeddable":true,"href":"https:\/\/foogwear.com\/index.php\/wp-json\/wp\/v2\/product_tag?post=610"}],"curies":[{"name":"wp","href":"https:\/\/api.w.org\/{rel}","templated":true}]}}